{"id":80,"date":"2019-09-09T07:51:51","date_gmt":"2019-09-09T07:51:51","guid":{"rendered":"https:\/\/jonasbotta.ch\/?page_id=80"},"modified":"2020-07-13T05:48:21","modified_gmt":"2020-07-13T05:48:21","slug":"datenschutzerklaerung","status":"publish","type":"page","link":"https:\/\/jonasbotta.ch\/?page_id=80","title":{"rendered":"datenschutzerkl\u00e4rung"},"content":{"rendered":"\n<h2 class=\"wp-block-heading\">Wer wir sind<\/h2>\n\n\n\n<p>Die Adresse unserer Website ist: <a href=\"https:\/\/jonasbotta.ch\" target=\"_blank\" rel=\"noreferrer noopener\" aria-label=\"https:\/\/jonasbotta.ch (\u00f6ffnet in neuem Tab)\">https:\/\/jonasbotta.ch<\/a><\/p>\n\n\n\n<p>Wir sind die jonasbotta.ch (CHE-174.476.011). <\/p>\n\n\n\n<h2 class=\"wp-block-heading\">Welche personenbezogenen Daten wir sammeln und warum wir sie sammeln<\/h2>\n\n\n\n<p>Standardm\u00e4\u00dfig sammelt unsere Webseite keine personenbezogenen Daten \n\u00fcber Benutzer und sammelt nur die Daten, die im Profil eines \nregistrierten Benutzers angezeigt werden.<\/p>\n\n\n\n<h3 class=\"wp-block-heading\">Kommentare<\/h3>\n\n\n\n<p>Wenn Besucher Kommentare auf der Website schreiben, sammeln wir die \nDaten, die im Kommentar-Formular angezeigt werden, au\u00dferdem die \nIP-Adresse des Besuchers und den User-Agent-String (damit wird der \nBrowser identifiziert), um die Erkennung von Spam zu unterst\u00fctzen.<\/p>\n\n\n\n<h3 class=\"wp-block-heading\">Medien<\/h3>\n\n\n\n<p>Wenn du ein registrierter Benutzer bist und Fotos auf diese Website  l\u00e4dst, solltest du vermeiden, Fotos mit einem EXIF-GPS-Standort  hochzuladen. Besucher dieser Website k\u00f6nnten Fotos, die auf dieser  Website gespeichert sind, herunterladen und deren Standort-Informationen  extrahieren.<\/p>\n\n\n\n<h3 class=\"wp-block-heading\">Kontaktformulare<\/h3>\n\n\n\n<p>Wir haben bewusst auf ein Kontaktformular verzichtet. Man kann uns stattdessen ein Email an <a href=\"mailto:info@jonasbotta.ch\">info@jonasbotta.ch<\/a> schicken.<\/p>\n\n\n\n<h3 class=\"wp-block-heading\">Cookies<\/h3>\n\n\n\n<p>Wenn du einen Kommentar auf unserer Website schreibst, kann das eine \nEinwilligung sein, deinen Namen, E-Mail-Adresse und Website in Cookies \nzu speichern. Dies ist eine Komfortfunktion, damit du nicht, wenn du \neinen weiteren Kommentar schreibst, all diese Daten erneut eingeben \nmusst. Diese Cookies werden ein Jahr lang gespeichert.<\/p>\n\n\n\n<p>Wenn du einen Artikel bearbeitest oder ver\u00f6ffentlichst, wird ein \nzus\u00e4tzlicher Cookie in deinem Browser gespeichert. Dieser Cookie enth\u00e4lt\n keine personenbezogenen Daten und verweist nur auf die Beitrags-ID des \nArtikels, den du gerade bearbeitet hast. Der Cookie verf\u00e4llt nach einem \nTag.<\/p>\n\n\n\n<h3 class=\"wp-block-heading\">Eingebettete Inhalte von anderen Websites<\/h3>\n\n\n\n<p>Beitr\u00e4ge auf dieser Website k\u00f6nnen eingebettete Inhalte beinhalten \n(z.&nbsp;B. Videos, Bilder, Beitr\u00e4ge etc.). Eingebettete Inhalte von anderen \nWebsites verhalten sich exakt so, als ob der Besucher die andere Website\n besucht h\u00e4tte.<\/p>\n\n\n\n<p>Diese Websites k\u00f6nnen Daten \u00fcber dich sammeln, Cookies benutzen, \nzus\u00e4tzliche Tracking-Dienste von Dritten einbetten und deine Interaktion\n mit diesem eingebetteten Inhalt aufzeichnen, inklusive deiner \nInteraktion mit dem eingebetteten Inhalt, falls du ein Konto hast und \nauf dieser Website angemeldet bist.<\/p>\n\n\n\n<h3 class=\"wp-block-heading\">Analysedienste<\/h3>\n\n\n\n<p>Wir haben keinen Analysedienst angebunden. Allerdings sammelt unser  Provider cyon.ch anonyme Bewegungsdaten. Mehr dazu ist hier  ersichtlich:&nbsp; <a href=\"https:\/\/www.cyon.ch\/legal\/privacy\" target=\"_blank\" rel=\"noreferrer noopener\" aria-label=\" (\u00f6ffnet in neuem Tab)\">www.cyon.ch\/legal\/privacy<\/a><\/p>\n\n\n\n<h2 class=\"wp-block-heading\">Mit wem wir deine Daten teilen<\/h2>\n\n\n\n<p>Unsere Webseite teilt standardm\u00e4\u00dfig keinerlei personenbezogene Daten mit Dritten.<\/p>\n\n\n\n<h2 class=\"wp-block-heading\">Wie lange wir deine Daten speichern<\/h2>\n\n\n\n<p>Wenn du einen Kommentar schreibst, wird dieser inklusive Metadaten \nzeitlich unbegrenzt gespeichert. Auf diese Art k\u00f6nnen wir \nFolgekommentare automatisch erkennen und freigeben, anstelle sie in \neiner Moderations-Warteschlange festzuhalten.<\/p>\n\n\n\n<h2 class=\"wp-block-heading\">Welche Rechte du an deinen Daten hast<\/h2>\n\n\n\n<p>Wenn du ein Konto auf dieser Website besitzt oder Kommentare \ngeschrieben hast, kannst du einen Export deiner personenbezogenen Daten \nbei uns anfordern, inklusive aller Daten, die du uns mitgeteilt hast. \nDar\u00fcber hinaus kannst du die L\u00f6schung aller personenbezogenen Daten, die\n wir von dir gespeichert haben, anfordern. Dies umfasst nicht die Daten,\n die wir aufgrund administrativer, rechtlicher oder \nsicherheitsrelevanter Notwendigkeiten aufbewahren m\u00fcssen.<\/p>\n\n\n\n<h2 class=\"wp-block-heading\">Wohin wir deine Daten senden<\/h2>\n\n\n\n<p>Besucher-Kommentare k\u00f6nnten von einem automatisierten Dienst zur Spam-Erkennung untersucht werden.<\/p>\n\n\n\n<h2 class=\"wp-block-heading\">Kontakt-Informationen<\/h2>\n\n\n\n<p>Unsere Kontaktinformationen findest Du im<a href=\"https:\/\/jonasbotta.ch\/?page_id=69\" target=\"_blank\" rel=\"noreferrer noopener\" aria-label=\" (\u00f6ffnet in neuem Tab)\"> Impressum<\/a>.<\/p>\n","protected":false},"excerpt":{"rendered":"<p>Wer wir sind Die Adresse unserer Website ist: https:\/\/jonasbotta.ch Wir sind die jonasbotta.ch (CHE-174.476.011). Welche personenbezogenen Daten wir sammeln und warum wir sie sammeln Standardm\u00e4\u00dfig sammelt unsere Webseite keine personenbezogenen Daten \u00fcber Benutzer und sammelt nur die Daten, die im Profil eines registrierten Benutzers angezeigt werden. Kommentare Wenn Besucher Kommentare auf der Website schreiben, sammeln &hellip; <\/p>\n<p class=\"link-more\"><a href=\"https:\/\/jonasbotta.ch\/?page_id=80\" class=\"more-link\"><span class=\"screen-reader-text\">\u201edatenschutzerkl\u00e4rung\u201c <\/span>weiterlesen<\/a><\/p>\n","protected":false},"author":2,"featured_media":0,"parent":0,"menu_order":0,"comment_status":"closed","ping_status":"closed","template":"","meta":{"footnotes":""},"class_list":["post-80","page","type-page","status-publish","hentry"],"_links":{"self":[{"href":"https:\/\/jonasbotta.ch\/index.php?rest_route=\/wp\/v2\/pages\/80","targetHints":{"allow":["GET"]}}],"collection":[{"href":"https:\/\/jonasbotta.ch\/index.php?rest_route=\/wp\/v2\/pages"}],"about":[{"href":"https:\/\/jonasbotta.ch\/index.php?rest_route=\/wp\/v2\/types\/page"}],"author":[{"embeddable":true,"href":"https:\/\/jonasbotta.ch\/index.php?rest_route=\/wp\/v2\/users\/2"}],"replies":[{"embeddable":true,"href":"https:\/\/jonasbotta.ch\/index.php?rest_route=%2Fwp%2Fv2%2Fcomments&post=80"}],"version-history":[{"count":7,"href":"https:\/\/jonasbotta.ch\/index.php?rest_route=\/wp\/v2\/pages\/80\/revisions"}],"predecessor-version":[{"id":147,"href":"https:\/\/jonasbotta.ch\/index.php?rest_route=\/wp\/v2\/pages\/80\/revisions\/147"}],"wp:attachment":[{"href":"https:\/\/jonasbotta.ch\/index.php?rest_route=%2Fwp%2Fv2%2Fmedia&parent=80"}],"curies":[{"name":"wp","href":"https:\/\/api.w.org\/{rel}","templated":true}]}}